{"id":14523,"date":"2023-11-09T13:50:35","date_gmt":"2023-11-09T12:50:35","guid":{"rendered":"https:\/\/impib.lukasiewicz.gov.pl\/rental-space\/"},"modified":"2024-11-13T15:01:14","modified_gmt":"2024-11-13T14:01:14","slug":"rental-space","status":"publish","type":"page","link":"https:\/\/impib.lukasiewicz.gov.pl\/en\/offer\/rental-space\/","title":{"rendered":"Rental space"},"content":{"rendered":"\t\t<div data-elementor-type=\"wp-page\" data-elementor-id=\"14523\" class=\"elementor elementor-14523 elementor-12821\" data-elementor-post-type=\"page\">\n\t\t\t\t\t\t<section class=\"elementor-section elementor-top-section elementor-element elementor-element-4a54339 elementor-section-boxed elementor-section-height-default elementor-section-height-default\" data-id=\"4a54339\" data-element_type=\"section\" data-e-type=\"section\">\n\t\t\t\t\t\t<div class=\"elementor-container elementor-column-gap-default\">\n\t\t\t\t\t<div class=\"elementor-column elementor-col-100 elementor-top-column elementor-element elementor-element-63c7d2a\" data-id=\"63c7d2a\" data-element_type=\"column\" data-e-type=\"column\">\n\t\t\t<div class=\"elementor-widget-wrap elementor-element-populated\">\n\t\t\t\t\t\t<div class=\"elementor-element elementor-element-3cc296c elementor-widget elementor-widget-spacer\" data-id=\"3cc296c\" data-element_type=\"widget\" data-e-type=\"widget\" data-widget_type=\"spacer.default\">\n\t\t\t\t<div class=\"elementor-widget-container\">\n\t\t\t\t\t\t\t<div class=\"elementor-spacer\">\n\t\t\t<div class=\"elementor-spacer-inner\"><\/div>\n\t\t<\/div>\n\t\t\t\t\t\t<\/div>\n\t\t\t\t<\/div>\n\t\t\t\t\t<\/div>\n\t\t<\/div>\n\t\t\t\t\t<\/div>\n\t\t<\/section>\n\t\t\t\t<section class=\"elementor-section elementor-top-section elementor-element elementor-element-fe9e9a2 elementor-section-boxed elementor-section-height-default elementor-section-height-default\" data-id=\"fe9e9a2\" data-element_type=\"section\" data-e-type=\"section\">\n\t\t\t\t\t\t<div class=\"elementor-container elementor-column-gap-default\">\n\t\t\t\t\t<div class=\"elementor-column elementor-col-100 elementor-top-column elementor-element elementor-element-aaa007b\" data-id=\"aaa007b\" data-element_type=\"column\" data-e-type=\"column\">\n\t\t\t<div class=\"elementor-widget-wrap elementor-element-populated\">\n\t\t\t\t\t\t<div class=\"elementor-element elementor-element-3e07cea elementor-widget elementor-widget-heading\" data-id=\"3e07cea\" data-element_type=\"widget\" data-e-type=\"widget\" data-widget_type=\"heading.default\">\n\t\t\t\t<div class=\"elementor-widget-container\">\n\t\t\t\t\t<h3 class=\"elementor-heading-title elementor-size-default\">Conference room rental<\/h3>\t\t\t\t<\/div>\n\t\t\t\t<\/div>\n\t\t\t\t\t<\/div>\n\t\t<\/div>\n\t\t\t\t\t<\/div>\n\t\t<\/section>\n\t\t\t\t<section class=\"elementor-section elementor-top-section elementor-element elementor-element-005b36c elementor-section-boxed elementor-section-height-default elementor-section-height-default\" data-id=\"005b36c\" data-element_type=\"section\" data-e-type=\"section\">\n\t\t\t\t\t\t<div class=\"elementor-container elementor-column-gap-default\">\n\t\t\t\t\t<div class=\"elementor-column elementor-col-100 elementor-top-column elementor-element elementor-element-bae33ae\" data-id=\"bae33ae\" data-element_type=\"column\" data-e-type=\"column\">\n\t\t\t<div class=\"elementor-widget-wrap elementor-element-populated\">\n\t\t\t\t\t\t<div class=\"elementor-element elementor-element-4267c48 elementor-widget elementor-widget-spacer\" data-id=\"4267c48\" data-element_type=\"widget\" data-e-type=\"widget\" data-widget_type=\"spacer.default\">\n\t\t\t\t<div class=\"elementor-widget-container\">\n\t\t\t\t\t\t\t<div class=\"elementor-spacer\">\n\t\t\t<div class=\"elementor-spacer-inner\"><\/div>\n\t\t<\/div>\n\t\t\t\t\t\t<\/div>\n\t\t\t\t<\/div>\n\t\t\t\t\t<\/div>\n\t\t<\/div>\n\t\t\t\t\t<\/div>\n\t\t<\/section>\n\t\t\t\t<section class=\"elementor-section elementor-top-section elementor-element elementor-element-f0d1fbc elementor-section-boxed elementor-section-height-default elementor-section-height-default\" data-id=\"f0d1fbc\" data-element_type=\"section\" data-e-type=\"section\">\n\t\t\t\t\t\t<div class=\"elementor-container elementor-column-gap-default\">\n\t\t\t\t\t<div class=\"elementor-column elementor-col-50 elementor-top-column elementor-element elementor-element-9a3720a\" data-id=\"9a3720a\" data-element_type=\"column\" data-e-type=\"column\">\n\t\t\t<div class=\"elementor-widget-wrap elementor-element-populated\">\n\t\t\t\t\t\t<div class=\"elementor-element elementor-element-37b5c0b elementor-widget elementor-widget-text-editor\" data-id=\"37b5c0b\" data-element_type=\"widget\" data-e-type=\"widget\" data-widget_type=\"text-editor.default\">\n\t\t\t\t<div class=\"elementor-widget-container\">\n\t\t\t\t\t\t\t\t\t<p>Our Institute offers a conference and training room, with social facilities for up to 60 people, equipped with multimedia equipment. The facility has its own large parking lot. <\/p>\n<p>The conference and training room is adapted to the individual needs of our clients. It is possible to adjust the room layout, set up lecture tables according to your own design. <\/p>\n<div data-uw-styling-context=\"true\"><span style=\"text-decoration: underline\">Location:<\/span>  <strong>ul. Marii Sk\u0142odowskiej \u2013 Curie 55, 87-100 Toru\u0144. <\/strong><\/div>\n<div data-uw-styling-context=\"true\"> <\/div>\n<div data-uw-styling-context=\"true\"><strong data-uw-styling-context=\"true\">Contact:<\/strong><br \/>Danuta Skowro\u0144ska<br \/>phone 56 650-00-44<br \/>fax 56 650-03-33<br \/>e-mail: <a href=\"mailto:sekretariat@impib.lukasiewicz.gov.pl\" data-uw-styling-context=\"true\">sekretariat@impib.lukasiewicz.gov.pl<\/a> <\/div>\n\t\t\t\t\t\t\t\t<\/div>\n\t\t\t\t<\/div>\n\t\t\t\t\t<\/div>\n\t\t<\/div>\n\t\t\t\t<div class=\"elementor-column elementor-col-50 elementor-top-column elementor-element elementor-element-3e9bfeb\" data-id=\"3e9bfeb\" data-element_type=\"column\" data-e-type=\"column\">\n\t\t\t<div class=\"elementor-widget-wrap elementor-element-populated\">\n\t\t\t\t\t\t<div class=\"elementor-element elementor-element-b9a3123 elementor-widget elementor-widget-image\" data-id=\"b9a3123\" data-element_type=\"widget\" data-e-type=\"widget\" data-widget_type=\"image.default\">\n\t\t\t\t<div class=\"elementor-widget-container\">\n\t\t\t\t\t\t\t\t\t\t\t\t\t\t\t<img fetchpriority=\"high\" decoding=\"async\" width=\"580\" height=\"435\" src=\"https:\/\/impib.lukasiewicz.gov.pl\/wp-content\/uploads\/sites\/20\/2023\/11\/sala-konferencyjna.jpg\" class=\"attachment-large size-large wp-image-12871\" alt=\"\" srcset=\"https:\/\/impib.lukasiewicz.gov.pl\/wp-content\/uploads\/sites\/20\/2023\/11\/sala-konferencyjna.jpg 750w, https:\/\/impib.lukasiewicz.gov.pl\/wp-content\/uploads\/sites\/20\/2023\/11\/sala-konferencyjna-300x225.jpg 300w\" sizes=\"(max-width: 580px) 100vw, 580px\" \/>\t\t\t\t\t\t\t\t\t\t\t\t\t\t\t<\/div>\n\t\t\t\t<\/div>\n\t\t\t\t\t<\/div>\n\t\t<\/div>\n\t\t\t\t\t<\/div>\n\t\t<\/section>\n\t\t\t\t<section class=\"elementor-section elementor-top-section elementor-element elementor-element-f3f9b3f elementor-section-boxed elementor-section-height-default elementor-section-height-default\" data-id=\"f3f9b3f\" data-element_type=\"section\" data-e-type=\"section\">\n\t\t\t\t\t\t<div class=\"elementor-container elementor-column-gap-default\">\n\t\t\t\t\t<div class=\"elementor-column elementor-col-100 elementor-top-column elementor-element elementor-element-8f2a2fd\" data-id=\"8f2a2fd\" data-element_type=\"column\" data-e-type=\"column\">\n\t\t\t<div class=\"elementor-widget-wrap elementor-element-populated\">\n\t\t\t\t\t\t<div class=\"elementor-element elementor-element-e63e957 elementor-widget elementor-widget-spacer\" data-id=\"e63e957\" data-element_type=\"widget\" data-e-type=\"widget\" data-widget_type=\"spacer.default\">\n\t\t\t\t<div class=\"elementor-widget-container\">\n\t\t\t\t\t\t\t<div class=\"elementor-spacer\">\n\t\t\t<div class=\"elementor-spacer-inner\"><\/div>\n\t\t<\/div>\n\t\t\t\t\t\t<\/div>\n\t\t\t\t<\/div>\n\t\t\t\t\t<\/div>\n\t\t<\/div>\n\t\t\t\t\t<\/div>\n\t\t<\/section>\n\t\t\t\t<section class=\"elementor-section elementor-top-section elementor-element elementor-element-af86703 elementor-section-boxed elementor-section-height-default elementor-section-height-default\" data-id=\"af86703\" data-element_type=\"section\" data-e-type=\"section\">\n\t\t\t\t\t\t<div class=\"elementor-container elementor-column-gap-default\">\n\t\t\t\t\t<div class=\"elementor-column elementor-col-100 elementor-top-column elementor-element elementor-element-a1e6c94\" data-id=\"a1e6c94\" data-element_type=\"column\" data-e-type=\"column\">\n\t\t\t<div class=\"elementor-widget-wrap elementor-element-populated\">\n\t\t\t\t\t\t<div class=\"elementor-element elementor-element-5a70bf3 elementor-widget elementor-widget-spacer\" data-id=\"5a70bf3\" data-element_type=\"widget\" data-e-type=\"widget\" data-widget_type=\"spacer.default\">\n\t\t\t\t<div class=\"elementor-widget-container\">\n\t\t\t\t\t\t\t<div class=\"elementor-spacer\">\n\t\t\t<div class=\"elementor-spacer-inner\"><\/div>\n\t\t<\/div>\n\t\t\t\t\t\t<\/div>\n\t\t\t\t<\/div>\n\t\t\t\t\t<\/div>\n\t\t<\/div>\n\t\t\t\t\t<\/div>\n\t\t<\/section>\n\t\t\t\t<section class=\"elementor-section elementor-top-section elementor-element elementor-element-218cd13 elementor-section-boxed elementor-section-height-default elementor-section-height-default\" data-id=\"218cd13\" data-element_type=\"section\" data-e-type=\"section\">\n\t\t\t\t\t\t<div class=\"elementor-container elementor-column-gap-default\">\n\t\t\t\t\t<div class=\"elementor-column elementor-col-100 elementor-top-column elementor-element elementor-element-3b13b0b\" data-id=\"3b13b0b\" data-element_type=\"column\" data-e-type=\"column\">\n\t\t\t<div class=\"elementor-widget-wrap elementor-element-populated\">\n\t\t\t\t\t\t<div class=\"elementor-element elementor-element-84b7df9 elementor-widget elementor-widget-heading\" data-id=\"84b7df9\" data-element_type=\"widget\" data-e-type=\"widget\" data-widget_type=\"heading.default\">\n\t\t\t\t<div class=\"elementor-widget-container\">\n\t\t\t\t\t<h3 class=\"elementor-heading-title elementor-size-default\">Rental of premises in an office building at ul. Szosa Che\u0142mi\u0144ska 30 in Toru\u0144 <\/h3>\t\t\t\t<\/div>\n\t\t\t\t<\/div>\n\t\t\t\t\t<\/div>\n\t\t<\/div>\n\t\t\t\t\t<\/div>\n\t\t<\/section>\n\t\t\t\t<section class=\"elementor-section elementor-top-section elementor-element elementor-element-35255cd elementor-section-boxed elementor-section-height-default elementor-section-height-default\" data-id=\"35255cd\" data-element_type=\"section\" data-e-type=\"section\">\n\t\t\t\t\t\t<div class=\"elementor-container elementor-column-gap-default\">\n\t\t\t\t\t<div class=\"elementor-column elementor-col-100 elementor-top-column elementor-element elementor-element-0ba4122\" data-id=\"0ba4122\" data-element_type=\"column\" data-e-type=\"column\">\n\t\t\t<div class=\"elementor-widget-wrap elementor-element-populated\">\n\t\t\t\t\t\t<div class=\"elementor-element elementor-element-a3f29d1 elementor-widget elementor-widget-spacer\" data-id=\"a3f29d1\" data-element_type=\"widget\" data-e-type=\"widget\" data-widget_type=\"spacer.default\">\n\t\t\t\t<div class=\"elementor-widget-container\">\n\t\t\t\t\t\t\t<div class=\"elementor-spacer\">\n\t\t\t<div class=\"elementor-spacer-inner\"><\/div>\n\t\t<\/div>\n\t\t\t\t\t\t<\/div>\n\t\t\t\t<\/div>\n\t\t\t\t\t<\/div>\n\t\t<\/div>\n\t\t\t\t\t<\/div>\n\t\t<\/section>\n\t\t\t\t<section class=\"elementor-section elementor-top-section elementor-element elementor-element-b4d70db elementor-section-boxed elementor-section-height-default elementor-section-height-default\" data-id=\"b4d70db\" data-element_type=\"section\" data-e-type=\"section\">\n\t\t\t\t\t\t<div class=\"elementor-container elementor-column-gap-default\">\n\t\t\t\t\t<div class=\"elementor-column elementor-col-50 elementor-top-column elementor-element elementor-element-cebda85\" data-id=\"cebda85\" data-element_type=\"column\" data-e-type=\"column\">\n\t\t\t<div class=\"elementor-widget-wrap elementor-element-populated\">\n\t\t\t\t\t\t<div class=\"elementor-element elementor-element-b0461df elementor-widget elementor-widget-image\" data-id=\"b0461df\" data-element_type=\"widget\" data-e-type=\"widget\" data-widget_type=\"image.default\">\n\t\t\t\t<div class=\"elementor-widget-container\">\n\t\t\t\t\t\t\t\t\t\t\t\t\t\t\t<img decoding=\"async\" width=\"580\" height=\"387\" src=\"https:\/\/impib.lukasiewicz.gov.pl\/wp-content\/uploads\/sites\/20\/2023\/11\/IMPIB-wynajem-pomieszczen-biurowych-768x512.jpg\" class=\"attachment-medium_large size-medium_large wp-image-12880\" alt=\"\" srcset=\"https:\/\/impib.lukasiewicz.gov.pl\/wp-content\/uploads\/sites\/20\/2023\/11\/IMPIB-wynajem-pomieszczen-biurowych-768x512.jpg 768w, https:\/\/impib.lukasiewicz.gov.pl\/wp-content\/uploads\/sites\/20\/2023\/11\/IMPIB-wynajem-pomieszczen-biurowych-300x200.jpg 300w, https:\/\/impib.lukasiewicz.gov.pl\/wp-content\/uploads\/sites\/20\/2023\/11\/IMPIB-wynajem-pomieszczen-biurowych.jpg 1000w\" sizes=\"(max-width: 580px) 100vw, 580px\" \/>\t\t\t\t\t\t\t\t\t\t\t\t\t\t\t<\/div>\n\t\t\t\t<\/div>\n\t\t\t\t\t<\/div>\n\t\t<\/div>\n\t\t\t\t<div class=\"elementor-column elementor-col-50 elementor-top-column elementor-element elementor-element-bdc9dba\" data-id=\"bdc9dba\" data-element_type=\"column\" data-e-type=\"column\">\n\t\t\t<div class=\"elementor-widget-wrap elementor-element-populated\">\n\t\t\t\t\t\t<div class=\"elementor-element elementor-element-b2b278f elementor-widget elementor-widget-image\" data-id=\"b2b278f\" data-element_type=\"widget\" data-e-type=\"widget\" data-widget_type=\"image.default\">\n\t\t\t\t<div class=\"elementor-widget-container\">\n\t\t\t\t\t\t\t\t\t\t\t\t\t\t\t<img decoding=\"async\" width=\"580\" height=\"387\" src=\"https:\/\/impib.lukasiewicz.gov.pl\/wp-content\/uploads\/sites\/20\/2023\/11\/IMPIB-wynajem-sali-szkoleniowej-768x512.jpg\" class=\"attachment-medium_large size-medium_large wp-image-12876\" alt=\"\" srcset=\"https:\/\/impib.lukasiewicz.gov.pl\/wp-content\/uploads\/sites\/20\/2023\/11\/IMPIB-wynajem-sali-szkoleniowej-768x512.jpg 768w, https:\/\/impib.lukasiewicz.gov.pl\/wp-content\/uploads\/sites\/20\/2023\/11\/IMPIB-wynajem-sali-szkoleniowej-300x200.jpg 300w, https:\/\/impib.lukasiewicz.gov.pl\/wp-content\/uploads\/sites\/20\/2023\/11\/IMPIB-wynajem-sali-szkoleniowej.jpg 1000w\" sizes=\"(max-width: 580px) 100vw, 580px\" \/>\t\t\t\t\t\t\t\t\t\t\t\t\t\t\t<\/div>\n\t\t\t\t<\/div>\n\t\t\t\t\t<\/div>\n\t\t<\/div>\n\t\t\t\t\t<\/div>\n\t\t<\/section>\n\t\t\t\t<section class=\"elementor-section elementor-top-section elementor-element elementor-element-69d983c elementor-section-boxed elementor-section-height-default elementor-section-height-default\" data-id=\"69d983c\" data-element_type=\"section\" data-e-type=\"section\">\n\t\t\t\t\t\t<div class=\"elementor-container elementor-column-gap-default\">\n\t\t\t\t\t<div class=\"elementor-column elementor-col-100 elementor-top-column elementor-element elementor-element-8797e9b\" data-id=\"8797e9b\" data-element_type=\"column\" data-e-type=\"column\">\n\t\t\t<div class=\"elementor-widget-wrap elementor-element-populated\">\n\t\t\t\t\t\t<div class=\"elementor-element elementor-element-1922eee elementor-widget elementor-widget-spacer\" data-id=\"1922eee\" data-element_type=\"widget\" data-e-type=\"widget\" data-widget_type=\"spacer.default\">\n\t\t\t\t<div class=\"elementor-widget-container\">\n\t\t\t\t\t\t\t<div class=\"elementor-spacer\">\n\t\t\t<div class=\"elementor-spacer-inner\"><\/div>\n\t\t<\/div>\n\t\t\t\t\t\t<\/div>\n\t\t\t\t<\/div>\n\t\t\t\t\t<\/div>\n\t\t<\/div>\n\t\t\t\t\t<\/div>\n\t\t<\/section>\n\t\t\t\t<section class=\"elementor-section elementor-top-section elementor-element elementor-element-8f08a4e elementor-section-boxed elementor-section-height-default elementor-section-height-default\" data-id=\"8f08a4e\" data-element_type=\"section\" data-e-type=\"section\">\n\t\t\t\t\t\t<div class=\"elementor-container elementor-column-gap-default\">\n\t\t\t\t\t<div class=\"elementor-column elementor-col-100 elementor-top-column elementor-element elementor-element-1e42266\" data-id=\"1e42266\" data-element_type=\"column\" data-e-type=\"column\">\n\t\t\t<div class=\"elementor-widget-wrap elementor-element-populated\">\n\t\t\t\t\t\t<div class=\"elementor-element elementor-element-918ef7e elementor-widget elementor-widget-text-editor\" data-id=\"918ef7e\" data-element_type=\"widget\" data-e-type=\"widget\" data-widget_type=\"text-editor.default\">\n\t\t\t\t<div class=\"elementor-widget-container\">\n\t\t\t\t\t\t\t\t\t<p>We offer office space located in a detached 10-storey building located in the very centre of Toru\u0144. The building is equipped with electrical, water and heating installations, and also has social facilities. <\/p>\n<p>Currently, the free rooms are ideal for: office space or training rooms. It is possible to rent individual rooms or the entire floor. <\/p>\n<p>Location. ul. Szosa Che\u0142mi\u0144ska 30, 87-100 Toru\u0144.  <\/p>\n<p><strong>Contact:<\/strong><\/p>\n<p>Anna Tobolewska<br \/>phone +48 575-515-476<br \/>phone +48 56 650-00-44 w. 123<br \/>e-mail: <a href=\"mailto:zbigniew.kulaga@impib.lukasiewicz.gov.pl\">anna.tobolewska@impib.lukasiewicz.gov.pl<\/a>   <\/p>\n\t\t\t\t\t\t\t\t<\/div>\n\t\t\t\t<\/div>\n\t\t\t\t\t<\/div>\n\t\t<\/div>\n\t\t\t\t\t<\/div>\n\t\t<\/section>\n\t\t\t\t<section class=\"elementor-section elementor-top-section elementor-element elementor-element-3068d77 elementor-section-boxed elementor-section-height-default elementor-section-height-default\" data-id=\"3068d77\" data-element_type=\"section\" data-e-type=\"section\">\n\t\t\t\t\t\t<div class=\"elementor-container elementor-column-gap-default\">\n\t\t\t\t\t<div class=\"elementor-column elementor-col-100 elementor-top-column elementor-element elementor-element-748b5ba\" data-id=\"748b5ba\" data-element_type=\"column\" data-e-type=\"column\">\n\t\t\t<div class=\"elementor-widget-wrap elementor-element-populated\">\n\t\t\t\t\t\t<div class=\"elementor-element elementor-element-c320c65 elementor-widget elementor-widget-spacer\" data-id=\"c320c65\" data-element_type=\"widget\" data-e-type=\"widget\" data-widget_type=\"spacer.default\">\n\t\t\t\t<div class=\"elementor-widget-container\">\n\t\t\t\t\t\t\t<div class=\"elementor-spacer\">\n\t\t\t<div class=\"elementor-spacer-inner\"><\/div>\n\t\t<\/div>\n\t\t\t\t\t\t<\/div>\n\t\t\t\t<\/div>\n\t\t\t\t\t<\/div>\n\t\t<\/div>\n\t\t\t\t\t<\/div>\n\t\t<\/section>\n\t\t\t\t<\/div>\n\t\t","protected":false},"excerpt":{"rendered":"<p>Conference room rental Our Institute offers a conference and training room, with social facilities for up to 60 people, equipped with multimedia equipment. The facility has its own large parking lot. The conference and training room is adapted to the individual needs of our clients. It is possible to adjust the room layout, set up [&hellip;]<\/p>\n","protected":false},"author":90,"featured_media":0,"parent":14721,"menu_order":4,"comment_status":"closed","ping_status":"closed","template":"","meta":{"_acf_changed":false,"_seopress_robots_primary_cat":"","_seopress_titles_title":"Rental space","_seopress_titles_desc":"","_seopress_robots_index":"","inline_featured_image":false,"footnotes":""},"class_list":["post-14523","page","type-page","status-publish","hentry"],"acf":{"page_icon":null},"publishpress_future_action":{"enabled":false,"date":"2026-02-16 03:31:52","action":"change-status","newStatus":"draft","terms":[],"taxonomy":"translation_priority","extraData":[]},"publishpress_future_workflow_manual_trigger":{"enabledWorkflows":[]},"_links":{"self":[{"href":"https:\/\/impib.lukasiewicz.gov.pl\/en\/wp-json\/wp\/v2\/pages\/14523","targetHints":{"allow":["GET"]}}],"collection":[{"href":"https:\/\/impib.lukasiewicz.gov.pl\/en\/wp-json\/wp\/v2\/pages"}],"about":[{"href":"https:\/\/impib.lukasiewicz.gov.pl\/en\/wp-json\/wp\/v2\/types\/page"}],"author":[{"embeddable":true,"href":"https:\/\/impib.lukasiewicz.gov.pl\/en\/wp-json\/wp\/v2\/users\/90"}],"replies":[{"embeddable":true,"href":"https:\/\/impib.lukasiewicz.gov.pl\/en\/wp-json\/wp\/v2\/comments?post=14523"}],"version-history":[{"count":5,"href":"https:\/\/impib.lukasiewicz.gov.pl\/en\/wp-json\/wp\/v2\/pages\/14523\/revisions"}],"predecessor-version":[{"id":14886,"href":"https:\/\/impib.lukasiewicz.gov.pl\/en\/wp-json\/wp\/v2\/pages\/14523\/revisions\/14886"}],"up":[{"embeddable":true,"href":"https:\/\/impib.lukasiewicz.gov.pl\/en\/wp-json\/wp\/v2\/pages\/14721"}],"wp:attachment":[{"href":"https:\/\/impib.lukasiewicz.gov.pl\/en\/wp-json\/wp\/v2\/media?parent=14523"}],"curies":[{"name":"wp","href":"https:\/\/api.w.org\/{rel}","templated":true}]}}