{"id":14716,"date":"2023-11-07T15:10:22","date_gmt":"2023-11-07T14:10:22","guid":{"rendered":"https:\/\/impib.lukasiewicz.gov.pl\/completed-projects\/"},"modified":"2025-03-28T15:56:20","modified_gmt":"2025-03-28T14:56:20","slug":"completed-projects","status":"publish","type":"page","link":"https:\/\/impib.lukasiewicz.gov.pl\/en\/completed-projects\/","title":{"rendered":"Completed projects"},"content":{"rendered":"\t\t<div data-elementor-type=\"wp-page\" data-elementor-id=\"14716\" class=\"elementor elementor-14716 elementor-12395\" data-elementor-post-type=\"page\">\n\t\t\t\t\t\t<section class=\"elementor-section elementor-top-section elementor-element elementor-element-7d3c41e elementor-section-boxed elementor-section-height-default elementor-section-height-default\" data-id=\"7d3c41e\" data-element_type=\"section\" data-e-type=\"section\">\n\t\t\t\t\t\t<div class=\"elementor-container elementor-column-gap-default\">\n\t\t\t\t\t<div class=\"elementor-column elementor-col-100 elementor-top-column elementor-element elementor-element-69d40da\" data-id=\"69d40da\" data-element_type=\"column\" data-e-type=\"column\">\n\t\t\t<div class=\"elementor-widget-wrap elementor-element-populated\">\n\t\t\t\t\t\t<div class=\"elementor-element elementor-element-cc152fc elementor-widget elementor-widget-heading\" data-id=\"cc152fc\" data-element_type=\"widget\" data-e-type=\"widget\" data-widget_type=\"heading.default\">\n\t\t\t\t<div class=\"elementor-widget-container\">\n\t\t\t\t\t<h2 class=\"elementor-heading-title elementor-size-default\">Completed projects<\/h2>\t\t\t\t<\/div>\n\t\t\t\t<\/div>\n\t\t\t\t\t<\/div>\n\t\t<\/div>\n\t\t\t\t\t<\/div>\n\t\t<\/section>\n\t\t\t\t<section class=\"elementor-section elementor-top-section elementor-element elementor-element-d6a9aa1 elementor-section-boxed elementor-section-height-default elementor-section-height-default\" data-id=\"d6a9aa1\" data-element_type=\"section\" data-e-type=\"section\">\n\t\t\t\t\t\t<div class=\"elementor-container elementor-column-gap-default\">\n\t\t\t\t\t<div class=\"elementor-column elementor-col-100 elementor-top-column elementor-element elementor-element-e8004e5\" data-id=\"e8004e5\" data-element_type=\"column\" data-e-type=\"column\">\n\t\t\t<div class=\"elementor-widget-wrap elementor-element-populated\">\n\t\t\t\t\t\t<div class=\"elementor-element elementor-element-28ba445 elementor-widget elementor-widget-toggle\" data-id=\"28ba445\" data-element_type=\"widget\" data-e-type=\"widget\" data-widget_type=\"toggle.default\">\n\t\t\t\t<div class=\"elementor-widget-container\">\n\t\t\t\t\t\t\t<div class=\"elementor-toggle\">\n\t\t\t\t\t\t\t<div class=\"elementor-toggle-item\">\n\t\t\t\t\t<div id=\"elementor-tab-title-4271\" class=\"elementor-tab-title\" data-tab=\"1\" role=\"button\" aria-controls=\"elementor-tab-content-4271\" aria-expanded=\"false\">\n\t\t\t\t\t\t\t\t\t\t\t\t<span class=\"elementor-toggle-icon elementor-toggle-icon-left\" aria-hidden=\"true\">\n\t\t\t\t\t\t\t\t\t\t\t\t\t\t\t<span class=\"elementor-toggle-icon-closed\"><i class=\"fas fa-caret-right\"><\/i><\/span>\n\t\t\t\t\t\t\t\t<span class=\"elementor-toggle-icon-opened\"><i class=\"elementor-toggle-icon-opened fas fa-caret-up\"><\/i><\/span>\n\t\t\t\t\t\t\t\t\t\t\t\t\t<\/span>\n\t\t\t\t\t\t\t\t\t\t\t\t<a class=\"elementor-toggle-title\" tabindex=\"0\">Support to the operations of \u0141ukasiewicz \u2013 IMPiB in the area of assessment of the commercialization potential of the developed technology of production of aromatic compositions and determination of the priority directions of implementation.<\/a>\n\t\t\t\t\t<\/div>\n\n\t\t\t\t\t<div id=\"elementor-tab-content-4271\" class=\"elementor-tab-content elementor-clearfix\" data-tab=\"1\" role=\"region\" aria-labelledby=\"elementor-tab-title-4271\"><p><img decoding=\"async\" class=\"alignnone size-full wp-image-12349\" src=\"https:\/\/impib.lukasiewicz.gov.pl\/wp-content\/uploads\/sites\/20\/2023\/11\/flaga.jpg\" alt=\"\" width=\"240\" height=\"80\"><\/p>\n<p>Project title: Support to the operations of \u0141ukasiewicz \u2013 IMPiB in the area of assessment of the commercialization potential of the developed technology of production of aromatic compositions and determination of the priority directions of implementation.<\/p>\n<p>Financing source: \u0141ukasiewicz Center nr 6\/\u0141-IMPIB\/ZP\/2022<\/p>\n<p>Total project budget: PLN 75 000<\/p>\n<p>(including cofinancing: PLN 75 000 )<\/p>\n<p>\u0141ukasiewicz \u2013 IMPiB cofinancing: PLN 75 000<\/p>\n<p>Implementation period: February 2023 \u2013 May 2023<\/p>\n<p>Project description: The objective of the works is an assessment of the commercialization potential of the developed technology of production of aromatic compositions, as well as determination of priority directions of implementation.<\/p>\n<p>The project implementation includes a detailed analysis of the developed technology from the viewpoint of options of commercialization thereof in an industrial environment.<\/p>\n<p>The task is consistent with the \u0141ukasiewicz Research Network objective \u201cIncrease of innovativeness and competitiveness of enterprises operating in Poland,\u201d it is an effect of the \u0141ukasiewicz Accelerator 2022 project and implements the \u0141ukasiewicz objective specified in Article 1(2)(2) as well as the \u0141ukasiewicz Centre objective indicated in Article 2(2)(2) of the Act of 21 February 2019 on the \u0141ukasiewicz Research Network (Journal of Laws 2020, item 2098).     <\/p>\n<\/div>\n\t\t\t\t<\/div>\n\t\t\t\t\t\t\t<div class=\"elementor-toggle-item\">\n\t\t\t\t\t<div id=\"elementor-tab-title-4272\" class=\"elementor-tab-title\" data-tab=\"2\" role=\"button\" aria-controls=\"elementor-tab-content-4272\" aria-expanded=\"false\">\n\t\t\t\t\t\t\t\t\t\t\t\t<span class=\"elementor-toggle-icon elementor-toggle-icon-left\" aria-hidden=\"true\">\n\t\t\t\t\t\t\t\t\t\t\t\t\t\t\t<span class=\"elementor-toggle-icon-closed\"><i class=\"fas fa-caret-right\"><\/i><\/span>\n\t\t\t\t\t\t\t\t<span class=\"elementor-toggle-icon-opened\"><i class=\"elementor-toggle-icon-opened fas fa-caret-up\"><\/i><\/span>\n\t\t\t\t\t\t\t\t\t\t\t\t\t<\/span>\n\t\t\t\t\t\t\t\t\t\t\t\t<a class=\"elementor-toggle-title\" tabindex=\"0\">Environmentally-friendly aqueous primers highly pigmented with zinc.<\/a>\n\t\t\t\t\t<\/div>\n\n\t\t\t\t\t<div id=\"elementor-tab-content-4272\" class=\"elementor-tab-content elementor-clearfix\" data-tab=\"2\" role=\"region\" aria-labelledby=\"elementor-tab-title-4272\"><p><img decoding=\"async\" class=\"alignnone wp-image-12360 size-full\" src=\"https:\/\/impib.lukasiewicz.gov.pl\/wp-content\/uploads\/sites\/20\/2023\/11\/cornet.png\" alt=\"\" width=\"605\" height=\"50\" srcset=\"https:\/\/impib.lukasiewicz.gov.pl\/wp-content\/uploads\/sites\/20\/2023\/11\/cornet.png 605w, https:\/\/impib.lukasiewicz.gov.pl\/wp-content\/uploads\/sites\/20\/2023\/11\/cornet-300x25.png 300w\" sizes=\"(max-width: 605px) 100vw, 605px\" \/><\/p>\n<p>Project title: Environmentally-friendly aqueous primers highly pigmented with zinc.<\/p>\n<p>Applicant: Polish Corrosion Society<\/p>\n<p>Consortium:<br \/>\u0141ukasiewicz Research Network \u2013 Institute for Engineering of Polymer Materials and Dyes (\u0141ukasiewicz \u2013 IMPiB), Poland<\/p>\n<p>Road and Bridge Research Institute (IBDiM), Poland<\/p>\n<p>Implementation period:<br \/>May 2021 \u2013 April 2023<\/p>\n<p>Project description: The project is intended to test the possibilities and manner of obtaining of high-quality, ecological, aqueous coating systems pigmented with zinc. The goal of the project will be achieved through selection and modification of the composition of the polymer matrix, as well as through addition of agents with particular stability as well as with barrier and mechanical-coating-enhancing properties. The project will utilize water-dilutable epoxy resin with an amount of modified zinc pigments reduced in comparison with traditional high-zinc anti-corrosion primers. In spite of a lower content of zinc in the coating, the developed primers will match or even surpass high-zinc primers in terms of protective properties, while simultaneously meeting the requirements of environmental protection regulations. This project is intended to test and evaluate the concept, not to develop products saleable during the project\u2019s duration \u2013 therefore, it is of precompetitive nature.    <\/p>\n<div> <\/div>\n<p>Total project budget: PLN 1 547 395,68 <br \/>(including cofinancing: PLN 1 528 436,76 )<br \/> \u0141ukasiewicz \u2013 IMPiB cofinancing: PLN 702 717,25<\/p>\n<p>The project is financed by the National Centre for Research and Development as a part of the Cornet Initiative.<\/p>\n<\/div>\n\t\t\t\t<\/div>\n\t\t\t\t\t\t\t<div class=\"elementor-toggle-item\">\n\t\t\t\t\t<div id=\"elementor-tab-title-4273\" class=\"elementor-tab-title\" data-tab=\"3\" role=\"button\" aria-controls=\"elementor-tab-content-4273\" aria-expanded=\"false\">\n\t\t\t\t\t\t\t\t\t\t\t\t<span class=\"elementor-toggle-icon elementor-toggle-icon-left\" aria-hidden=\"true\">\n\t\t\t\t\t\t\t\t\t\t\t\t\t\t\t<span class=\"elementor-toggle-icon-closed\"><i class=\"fas fa-caret-right\"><\/i><\/span>\n\t\t\t\t\t\t\t\t<span class=\"elementor-toggle-icon-opened\"><i class=\"elementor-toggle-icon-opened fas fa-caret-up\"><\/i><\/span>\n\t\t\t\t\t\t\t\t\t\t\t\t\t<\/span>\n\t\t\t\t\t\t\t\t\t\t\t\t<a class=\"elementor-toggle-title\" tabindex=\"0\">Support to operations of the \u0141ukasiewicz Centre as a part of implementation of the Base of Financing Sources project. Optimization of the manner of search for sources of financing at the level of the entire \u0141ukasiewicz Network. <\/a>\n\t\t\t\t\t<\/div>\n\n\t\t\t\t\t<div id=\"elementor-tab-content-4273\" class=\"elementor-tab-content elementor-clearfix\" data-tab=\"3\" role=\"region\" aria-labelledby=\"elementor-tab-title-4273\"><p><img decoding=\"async\" class=\"alignnone size-full wp-image-12349\" src=\"https:\/\/impib.lukasiewicz.gov.pl\/wp-content\/uploads\/sites\/20\/2023\/11\/flaga.jpg\" alt=\"\" width=\"240\" height=\"80\"><\/p>\n<p>Project title: Support to operations of the \u0141ukasiewicz Centre as a part of implementation of the Base of Financing Sources project. Optimization of the manner of search for sources of financing at the level of the entire \u0141ukasiewicz Network. <\/p>\n<p>Financing source: \u0141ukasiewicz Center<\/p>\n<p>Total project budget: PLN 50 000<\/p>\n<p>(including cofinancing: PLN 50 000 )<\/p>\n<p>\u0141ukasiewicz \u2013 IMPiB cofinancing: PLN 50 000<\/p>\n<p>Implementation period: 2022<\/p>\n<p>Project description: <br \/>The objective of the works was to expand the Base of Financing Sources system by an additional process enabling quick and simple search for financing of R&amp;D works implemented by \u0141ukasiewicz Institutes as a part of their cooperation with the business\/entrepreneurs as a part of the non-economic activity of the Institutes, as well as optimization of the Base.<\/p>\n<p><\/p>\n<p>The task was implemented as a part of the \u201cBase of Financing Sources\u201d project and it was simultaneously consistent with implementation of the \u201c\u0141ukasiewicz Challenges\u201d project resulting from the Activity Plan of the \u0141ukasiewicz Research Network for 2022.<\/p>\n<\/div>\n\t\t\t\t<\/div>\n\t\t\t\t\t\t\t<div class=\"elementor-toggle-item\">\n\t\t\t\t\t<div id=\"elementor-tab-title-4274\" class=\"elementor-tab-title\" data-tab=\"4\" role=\"button\" aria-controls=\"elementor-tab-content-4274\" aria-expanded=\"false\">\n\t\t\t\t\t\t\t\t\t\t\t\t<span class=\"elementor-toggle-icon elementor-toggle-icon-left\" aria-hidden=\"true\">\n\t\t\t\t\t\t\t\t\t\t\t\t\t\t\t<span class=\"elementor-toggle-icon-closed\"><i class=\"fas fa-caret-right\"><\/i><\/span>\n\t\t\t\t\t\t\t\t<span class=\"elementor-toggle-icon-opened\"><i class=\"elementor-toggle-icon-opened fas fa-caret-up\"><\/i><\/span>\n\t\t\t\t\t\t\t\t\t\t\t\t\t<\/span>\n\t\t\t\t\t\t\t\t\t\t\t\t<a class=\"elementor-toggle-title\" tabindex=\"0\">Development of a production technology for supportive and protective structures for electrical vehicles on the basis of advanced thermoplastic composites<\/a>\n\t\t\t\t\t<\/div>\n\n\t\t\t\t\t<div id=\"elementor-tab-content-4274\" class=\"elementor-tab-content elementor-clearfix\" data-tab=\"4\" role=\"region\" aria-labelledby=\"elementor-tab-title-4274\"><p><img decoding=\"async\" class=\"alignnone size-full wp-image-12349\" src=\"https:\/\/impib.lukasiewicz.gov.pl\/wp-content\/uploads\/sites\/20\/2023\/11\/flaga.jpg\" alt=\"\" width=\"240\" height=\"80\"><\/p>\n<p>Project title: Development of a production technology for supportive and protective structures for electrical vehicles on the basis of advanced thermoplastic composites<\/p>\n<div>Financial source: \u0141ukasiewicz Center, akronym MOTO-KOMP<\/div>\n<div> <\/div>\n<p>Leader:<br \/>\u0141ukasiewicz \u2013 Institute Aviation<\/p>\n<p>Consortium:<br \/>\u0141ukasiewicz \u2013 IMPIB<br \/>\u0141ukasiewicz \u2013 PIMOT<\/p>\n<p>Implementation period:<br \/>October 2020 \u2013 October 2021<\/p>\n<p>Project describtion: <br \/>The objective of the project was to develop a technology for production of structural components for electrical vehicles, simultaneously serving as containers for propulsion batteries, using composite materials with a thermoplastic matrix.<br \/>As a part of the works, aerospace component production technologies utilizing thermoplastic composites, as developed by \u0141ukasiewicz-ILOT, were adapted for the purposes of the automotive sector. \u0141ukasiewicz-PIMOT developed the design requirements for the chassis and battery container assemblies. The type-approval requirements and the methodology of demonstration of fulfillment of the requirements have been defined, along with a cost and time estimate of production of the parts in the thermoplastic composites technology. \u0141ukasiewicz-ILOT has selected composite materials with a thermoplastic matrix and a carbon fiber or glass fiber reinforcement with the expected costs. Production processes have been developed on the basis of a robotized composite tape laying system and\/or a press thermoforming method. \u0141ukasiewicz \u2013 IMPiB has designed elastomer protection layers for the selected composite materials, to protect against impacts during operation.     <\/p>\n<p>Total project budget: PLN 1 197 700,00 <br \/>(including cofinancing: PLN 1 077 929,00 )<br \/> \u0141ukasiewicz \u2013 IMPiB cofinancing: PLN 359 054,00<\/p>\n<p><img fetchpriority=\"high\" decoding=\"async\" class=\"alignnone size-full wp-image-12408\" src=\"https:\/\/impib.lukasiewicz.gov.pl\/wp-content\/uploads\/sites\/20\/2023\/11\/plakat_mk-213x300-1.png\" alt=\"\" width=\"213\" height=\"300\"><\/p>\n<\/div>\n\t\t\t\t<\/div>\n\t\t\t\t\t\t\t<div class=\"elementor-toggle-item\">\n\t\t\t\t\t<div id=\"elementor-tab-title-4275\" class=\"elementor-tab-title\" data-tab=\"5\" role=\"button\" aria-controls=\"elementor-tab-content-4275\" aria-expanded=\"false\">\n\t\t\t\t\t\t\t\t\t\t\t\t<span class=\"elementor-toggle-icon elementor-toggle-icon-left\" aria-hidden=\"true\">\n\t\t\t\t\t\t\t\t\t\t\t\t\t\t\t<span class=\"elementor-toggle-icon-closed\"><i class=\"fas fa-caret-right\"><\/i><\/span>\n\t\t\t\t\t\t\t\t<span class=\"elementor-toggle-icon-opened\"><i class=\"elementor-toggle-icon-opened fas fa-caret-up\"><\/i><\/span>\n\t\t\t\t\t\t\t\t\t\t\t\t\t<\/span>\n\t\t\t\t\t\t\t\t\t\t\t\t<a class=\"elementor-toggle-title\" tabindex=\"0\">New generation of zinc primers with improved anticorrosion, application and ecological properties<\/a>\n\t\t\t\t\t<\/div>\n\n\t\t\t\t\t<div id=\"elementor-tab-content-4275\" class=\"elementor-tab-content elementor-clearfix\" data-tab=\"5\" role=\"region\" aria-labelledby=\"elementor-tab-title-4275\"><p><img loading=\"lazy\" decoding=\"async\" class=\"alignnone wp-image-12417 size-full\" src=\"https:\/\/impib.lukasiewicz.gov.pl\/wp-content\/uploads\/sites\/20\/2023\/11\/Cornet-1.jpg\" alt=\"\" width=\"1172\" height=\"96\" srcset=\"https:\/\/impib.lukasiewicz.gov.pl\/wp-content\/uploads\/sites\/20\/2023\/11\/Cornet-1.jpg 1172w, https:\/\/impib.lukasiewicz.gov.pl\/wp-content\/uploads\/sites\/20\/2023\/11\/Cornet-1-300x25.jpg 300w, https:\/\/impib.lukasiewicz.gov.pl\/wp-content\/uploads\/sites\/20\/2023\/11\/Cornet-1-1024x84.jpg 1024w, https:\/\/impib.lukasiewicz.gov.pl\/wp-content\/uploads\/sites\/20\/2023\/11\/Cornet-1-768x63.jpg 768w\" sizes=\"(max-width: 1172px) 100vw, 1172px\" \/><\/p>\n<p>Project title: New generation of zinc primers with improved anticorrosion, application and ecological properties<\/p>\n<p>Akronym: ZincPower<\/p>\n<p>Implementation period:<br \/>VII 2017 \u2013 VI 2019<\/p>\n<p>Project description: <br \/>The objective of the project was to develop zinc-pigmented epoxy primers characterized by protective properties matching those of high-zinc ethyl-silicate primers. The project implementation resulted in development of anticorrosion primers containing zinc pigments at an amount lower by more than half than in traditional, generally used high-zinc primers, obtaining identical or, in some cases, better anticorrosion properties and better resistance to mechanical damage that those of high-zinc primers tested for comparison. The obtained results show that, using appropriately modified zinc pigments, one may obtain efficient zinc-pigmented paints which would be more environmentally-friendly than traditional high-zinc paints. The solution has won awards: a bronze medal at the INTARG \u20182018 International Fair in Katowice, a silver medal and a special prize of the Taiwan League of Inventors at the iENA \u20182018 fair in Nuremberg, a silver medal and the Nikola Tesla Prize from the Serbian Association of Inventors at the Global Invention Forum \u20182019 in Limassol.<br \/>Photos: coatings after 1500 hours of exposure at a salt chamber (top \u2013 coating; bottom \u2013 substrate upon coating removal): the first and second picture show epoxy paints with a reduced zinc content, developed under the project; the third picture shows a commercial high-zinc epoxy paint.    <\/p>\n<p>Totaj project budget: PLN 1.560.295,72 <br \/> \u0141ukasiewicz \u2013 IMPiB cofinancing : PLN 711.798,48<\/p>\n<p>The project is financed by the National Centre for Research and Development as a part of the Cornet Initiative.<\/p>\n<\/div>\n\t\t\t\t<\/div>\n\t\t\t\t\t\t\t<div class=\"elementor-toggle-item\">\n\t\t\t\t\t<div id=\"elementor-tab-title-4276\" class=\"elementor-tab-title\" data-tab=\"6\" role=\"button\" aria-controls=\"elementor-tab-content-4276\" aria-expanded=\"false\">\n\t\t\t\t\t\t\t\t\t\t\t\t<span class=\"elementor-toggle-icon elementor-toggle-icon-left\" aria-hidden=\"true\">\n\t\t\t\t\t\t\t\t\t\t\t\t\t\t\t<span class=\"elementor-toggle-icon-closed\"><i class=\"fas fa-caret-right\"><\/i><\/span>\n\t\t\t\t\t\t\t\t<span class=\"elementor-toggle-icon-opened\"><i class=\"elementor-toggle-icon-opened fas fa-caret-up\"><\/i><\/span>\n\t\t\t\t\t\t\t\t\t\t\t\t\t<\/span>\n\t\t\t\t\t\t\t\t\t\t\t\t<a class=\"elementor-toggle-title\" tabindex=\"0\">Testing of the effect of mineral fillers on the structure and piezoelectric properties of electrets of crystalline polyolefins<\/a>\n\t\t\t\t\t<\/div>\n\n\t\t\t\t\t<div id=\"elementor-tab-content-4276\" class=\"elementor-tab-content elementor-clearfix\" data-tab=\"6\" role=\"region\" aria-labelledby=\"elementor-tab-title-4276\"><p><img loading=\"lazy\" decoding=\"async\" class=\"alignnone size-medium wp-image-12424\" src=\"https:\/\/impib.lukasiewicz.gov.pl\/wp-content\/uploads\/sites\/20\/2023\/11\/ncn-768x150-1-300x59.png\" alt=\"\" width=\"300\" height=\"59\" srcset=\"https:\/\/impib.lukasiewicz.gov.pl\/wp-content\/uploads\/sites\/20\/2023\/11\/ncn-768x150-1-300x59.png 300w, https:\/\/impib.lukasiewicz.gov.pl\/wp-content\/uploads\/sites\/20\/2023\/11\/ncn-768x150-1.png 768w\" sizes=\"(max-width: 300px) 100vw, 300px\" \/><\/p>\n<p>Project title: Testing of the effect of mineral fillers on the structure and piezoelectric properties of electrets of crystalline polyolefins<\/p>\n<p>Implementation period:<br \/>IV 2016 \u2013 IV 2020<\/p>\n<p>Project description: <br \/>The objective of the project was to determine the effect of mineral fillers on the structure and piezoelectric properties of electrets of crystalline polyolefins. The project was an extension of earlier preliminary works connected with production and testing of materials with piezoelectric properties. It was noticed that, apart from PVDF (polyvinylidene fluoride), similar properties are exhibited by crystalline polyolefins subjected to appropriate physical modification. The project concerns PP or HDPE polyolefins which are much less expensive than PVDF, easily accessible and easily processible.<br \/>Photo: piezoelectric films made of crystalline polyolefins, created as a part of the project.   <\/p>\n<p>Total project budget: PLN 1 128 000 <br \/> \u0141ukasiewicz \u2013 IMPiB cofinancing: PLN 351 600<\/p>\n<p>Financing source: National Science Centre<\/p>\n<p><img loading=\"lazy\" decoding=\"async\" class=\"alignnone size-medium wp-image-12422\" src=\"https:\/\/impib.lukasiewicz.gov.pl\/wp-content\/uploads\/sites\/20\/2023\/11\/impb-0045-OPUS-9-moze-to-768x513-1-300x200.jpg\" alt=\"\" width=\"300\" height=\"200\" srcset=\"https:\/\/impib.lukasiewicz.gov.pl\/wp-content\/uploads\/sites\/20\/2023\/11\/impb-0045-OPUS-9-moze-to-768x513-1-300x200.jpg 300w, https:\/\/impib.lukasiewicz.gov.pl\/wp-content\/uploads\/sites\/20\/2023\/11\/impb-0045-OPUS-9-moze-to-768x513-1.jpg 768w\" sizes=\"(max-width: 300px) 100vw, 300px\" \/><\/p>\n<\/div>\n\t\t\t\t<\/div>\n\t\t\t\t\t\t\t\t<\/div>\n\t\t\t\t\t\t<\/div>\n\t\t\t\t<\/div>\n\t\t\t\t\t<\/div>\n\t\t<\/div>\n\t\t\t\t\t<\/div>\n\t\t<\/section>\n\t\t\t\t<\/div>\n\t\t","protected":false},"excerpt":{"rendered":"<p>Completed projects Support to the operations of \u0141ukasiewicz \u2013 IMPiB in the area of assessment of the commercialization potential of the developed technology of production of aromatic compositions and determination of the priority directions of implementation. Project title: Support to the operations of \u0141ukasiewicz \u2013 IMPiB in the area of assessment of the commercialization potential [&hellip;]<\/p>\n","protected":false},"author":90,"featured_media":0,"parent":0,"menu_order":0,"comment_status":"closed","ping_status":"closed","template":"","meta":{"_acf_changed":false,"_seopress_robots_primary_cat":"","_seopress_titles_title":"Completed projects","_seopress_titles_desc":"","_seopress_robots_index":"","inline_featured_image":false,"footnotes":""},"class_list":["post-14716","page","type-page","status-publish","hentry"],"acf":{"page_icon":null},"publishpress_future_action":{"enabled":false,"date":"2026-02-18 06:51:55","action":"change-status","newStatus":"draft","terms":[],"taxonomy":"translation_priority","extraData":[]},"publishpress_future_workflow_manual_trigger":{"enabledWorkflows":[]},"_links":{"self":[{"href":"https:\/\/impib.lukasiewicz.gov.pl\/en\/wp-json\/wp\/v2\/pages\/14716","targetHints":{"allow":["GET"]}}],"collection":[{"href":"https:\/\/impib.lukasiewicz.gov.pl\/en\/wp-json\/wp\/v2\/pages"}],"about":[{"href":"https:\/\/impib.lukasiewicz.gov.pl\/en\/wp-json\/wp\/v2\/types\/page"}],"author":[{"embeddable":true,"href":"https:\/\/impib.lukasiewicz.gov.pl\/en\/wp-json\/wp\/v2\/users\/90"}],"replies":[{"embeddable":true,"href":"https:\/\/impib.lukasiewicz.gov.pl\/en\/wp-json\/wp\/v2\/comments?post=14716"}],"version-history":[{"count":2,"href":"https:\/\/impib.lukasiewicz.gov.pl\/en\/wp-json\/wp\/v2\/pages\/14716\/revisions"}],"predecessor-version":[{"id":15463,"href":"https:\/\/impib.lukasiewicz.gov.pl\/en\/wp-json\/wp\/v2\/pages\/14716\/revisions\/15463"}],"wp:attachment":[{"href":"https:\/\/impib.lukasiewicz.gov.pl\/en\/wp-json\/wp\/v2\/media?parent=14716"}],"curies":[{"name":"wp","href":"https:\/\/api.w.org\/{rel}","templated":true}]}}