{"id":14888,"date":"2023-05-28T13:50:55","date_gmt":"2023-05-28T11:50:55","guid":{"rendered":"https:\/\/impib.lukasiewicz.gov.pl\/what-about-us\/"},"modified":"2024-11-13T15:05:52","modified_gmt":"2024-11-13T14:05:52","slug":"what-about-us","status":"publish","type":"page","link":"https:\/\/impib.lukasiewicz.gov.pl\/en\/what-about-us\/","title":{"rendered":"what about us?"},"content":{"rendered":"\t\t<div data-elementor-type=\"wp-page\" data-elementor-id=\"14888\" class=\"elementor elementor-14888 elementor-343\" data-elementor-post-type=\"page\">\n\t\t\t\t\t\t<section class=\"elementor-section elementor-top-section elementor-element elementor-element-067efb0 elementor-section-boxed elementor-section-height-default elementor-section-height-default\" data-id=\"067efb0\" data-element_type=\"section\" data-e-type=\"section\">\n\t\t\t\t\t\t<div class=\"elementor-container elementor-column-gap-default\">\n\t\t\t\t\t<div class=\"elementor-column elementor-col-100 elementor-top-column elementor-element elementor-element-b15e863\" data-id=\"b15e863\" data-element_type=\"column\" data-e-type=\"column\">\n\t\t\t<div class=\"elementor-widget-wrap elementor-element-populated\">\n\t\t\t\t\t\t<div class=\"elementor-element elementor-element-dabf076 elementor-widget elementor-widget-heading\" data-id=\"dabf076\" data-element_type=\"widget\" data-e-type=\"widget\" data-widget_type=\"heading.default\">\n\t\t\t\t<div class=\"elementor-widget-container\">\n\t\t\t\t\t<h2 class=\"elementor-heading-title elementor-size-default\">what about us?<\/h2>\t\t\t\t<\/div>\n\t\t\t\t<\/div>\n\t\t\t\t<div class=\"elementor-element elementor-element-95315b9 elementor-widget elementor-widget-news_list_with_filters\" data-id=\"95315b9\" data-element_type=\"widget\" data-e-type=\"widget\" data-widget_type=\"news_list_with_filters.default\">\n\t\t\t\t<div class=\"elementor-widget-container\">\n\t\t\t\t\t<div class=\"row\"><div class=\"col-12 text-md-center mb-4 mb-lg-5\"><ul class=\"list-unstyled list-inline d-flex justify-content-center flex-wrap\"><li class=\"list-inline-item mb-2\"><a class=\"nlwfw-posts__filter \" href=\"https:\/\/impib.lukasiewicz.gov.pl\/en\/what-about-us\/?c=54\"><span>Events<\/span><\/a><\/li><li class=\"list-inline-item mb-2\"><a class=\"nlwfw-posts__filter \" href=\"https:\/\/impib.lukasiewicz.gov.pl\/en\/what-about-us\/?c=53\"><span>Successes<\/span><\/a><\/li><li class=\"list-inline-item mb-2\"><a class=\"nlwfw-posts__filter \" href=\"https:\/\/impib.lukasiewicz.gov.pl\/en\/what-about-us\/?c=52\"><span>Technologies<\/span><\/a><\/li><li class=\"list-inline-item mb-2\"><a class=\"nlwfw-posts__filter \" href=\"https:\/\/impib.lukasiewicz.gov.pl\/en\/what-about-us\/?c=47\"><span>News<\/span><\/a><\/li><\/ul><\/div><div class=\"col-12 col-lg-8\"><ul class=\"nlwfw-posts__list\"><li class=\"nlwfw-posts__item\"><div class=\"row\"><div><span class=\"nspw-category-name-mobile\">Bez kategorii<\/span><\/div><\/div><div class=\"nlwfw-posts__item-thumbnail\"><figure class=\"ratio ratio-4x3 overflow-hidden\"><img fetchpriority=\"high\" decoding=\"async\" width=\"1200\" height=\"860\" src=\"https:\/\/impib.lukasiewicz.gov.pl\/wp-content\/uploads\/sites\/20\/2025\/04\/FOTOG-2-1200x860.jpg\" class=\"attachment-post-thumbnail size-post-thumbnail wp-post-image\" alt=\"\" srcset=\"https:\/\/impib.lukasiewicz.gov.pl\/wp-content\/uploads\/sites\/20\/2025\/04\/FOTOG-2-1200x860.jpg 1200w, https:\/\/impib.lukasiewicz.gov.pl\/wp-content\/uploads\/sites\/20\/2025\/04\/FOTOG-2-300x215.jpg 300w, https:\/\/impib.lukasiewicz.gov.pl\/wp-content\/uploads\/sites\/20\/2025\/04\/FOTOG-2-1024x734.jpg 1024w, https:\/\/impib.lukasiewicz.gov.pl\/wp-content\/uploads\/sites\/20\/2025\/04\/FOTOG-2-768x550.jpg 768w, https:\/\/impib.lukasiewicz.gov.pl\/wp-content\/uploads\/sites\/20\/2025\/04\/FOTOG-2-1536x1101.jpg 1536w, https:\/\/impib.lukasiewicz.gov.pl\/wp-content\/uploads\/sites\/20\/2025\/04\/FOTOG-2-2048x1468.jpg 2048w, https:\/\/impib.lukasiewicz.gov.pl\/wp-content\/uploads\/sites\/20\/2025\/04\/FOTOG-2-1980x1419.jpg 1980w, https:\/\/impib.lukasiewicz.gov.pl\/wp-content\/uploads\/sites\/20\/2025\/04\/FOTOG-2-24x17.jpg 24w, https:\/\/impib.lukasiewicz.gov.pl\/wp-content\/uploads\/sites\/20\/2025\/04\/FOTOG-2-36x26.jpg 36w, https:\/\/impib.lukasiewicz.gov.pl\/wp-content\/uploads\/sites\/20\/2025\/04\/FOTOG-2-48x34.jpg 48w\" sizes=\"(max-width: 1200px) 100vw, 1200px\" \/><\/figure><\/div><div class=\"nlwfw-posts__item-content\"><div class=\"mb-3 d-flex flex-wrap align-items-center\"><a class=\"nlwfw-posts__item-category me-3\" href=\"https:\/\/impib.lukasiewicz.gov.pl\/en\/what-about-us\/?c=1\"><span>Bez kategorii<\/span><\/a><span class=\"nlwfw-posts__item-date\">14 Apr 2025<\/span><\/div><a href=\"https:\/\/impib.lukasiewicz.gov.pl\/en\/promatai-project-highlighted-at-the-xvi-scientific-and-technical-conference-carbon-materials-and-polymer-composites-science-and-industry-2025\/\"><h3 class=\"nlwfw-posts__item-title\">PROMATAI Project Highlighted at the XVI Scientific and Technical Conference \u2018Carbon Materials and Polymer Composites: Science and Industry 2025\u2019<\/h3><div class=\"nlwfw-posts__item-description\"><\/div><\/div><\/a><\/li><li class=\"nlwfw-posts__item\"><div class=\"row\"><div><span class=\"nspw-category-name-mobile\">News<\/span><\/div><\/div><div class=\"nlwfw-posts__item-thumbnail\"><figure class=\"ratio ratio-4x3 overflow-hidden\"><img decoding=\"async\" width=\"1200\" height=\"857\" src=\"https:\/\/impib.lukasiewicz.gov.pl\/wp-content\/uploads\/sites\/20\/2025\/04\/intranet-2-1200x857.jpg\" class=\"attachment-post-thumbnail size-post-thumbnail wp-post-image\" alt=\"\" srcset=\"https:\/\/impib.lukasiewicz.gov.pl\/wp-content\/uploads\/sites\/20\/2025\/04\/intranet-2-1200x857.jpg 1200w, https:\/\/impib.lukasiewicz.gov.pl\/wp-content\/uploads\/sites\/20\/2025\/04\/intranet-2-300x214.jpg 300w, https:\/\/impib.lukasiewicz.gov.pl\/wp-content\/uploads\/sites\/20\/2025\/04\/intranet-2-1024x731.jpg 1024w, https:\/\/impib.lukasiewicz.gov.pl\/wp-content\/uploads\/sites\/20\/2025\/04\/intranet-2-768x549.jpg 768w, https:\/\/impib.lukasiewicz.gov.pl\/wp-content\/uploads\/sites\/20\/2025\/04\/intranet-2-1536x1097.jpg 1536w, https:\/\/impib.lukasiewicz.gov.pl\/wp-content\/uploads\/sites\/20\/2025\/04\/intranet-2-2048x1463.jpg 2048w, https:\/\/impib.lukasiewicz.gov.pl\/wp-content\/uploads\/sites\/20\/2025\/04\/intranet-2-1980x1414.jpg 1980w, https:\/\/impib.lukasiewicz.gov.pl\/wp-content\/uploads\/sites\/20\/2025\/04\/intranet-2-24x17.jpg 24w, https:\/\/impib.lukasiewicz.gov.pl\/wp-content\/uploads\/sites\/20\/2025\/04\/intranet-2-36x26.jpg 36w, https:\/\/impib.lukasiewicz.gov.pl\/wp-content\/uploads\/sites\/20\/2025\/04\/intranet-2-48x34.jpg 48w\" sizes=\"(max-width: 1200px) 100vw, 1200px\" \/><\/figure><\/div><div class=\"nlwfw-posts__item-content\"><div class=\"mb-3 d-flex flex-wrap align-items-center\"><a class=\"nlwfw-posts__item-category me-3\" href=\"https:\/\/impib.lukasiewicz.gov.pl\/en\/what-about-us\/?c=47\"><span>News<\/span><\/a><span class=\"nlwfw-posts__item-date\">10 Apr 2025<\/span><span class=\"nlwfw-posts__item-read-time\">3 min<\/span><\/div><a href=\"https:\/\/impib.lukasiewicz.gov.pl\/en\/bioproduct-developed-by-l-impib-at-the-exhibition-in-milan\/\"><h3 class=\"nlwfw-posts__item-title\">Bioproduct developed by \u0141ukasiewicz - IMPIB at the exhibition in Milan<\/h3><div class=\"nlwfw-posts__item-description\"><\/div><\/div><\/a><\/li><li class=\"nlwfw-posts__item\"><div class=\"row\"><div><span class=\"nspw-category-name-mobile\">News<\/span><\/div><\/div><div class=\"nlwfw-posts__item-thumbnail\"><figure class=\"ratio ratio-4x3 overflow-hidden\"><img decoding=\"async\" width=\"1200\" height=\"101\" src=\"https:\/\/impib.lukasiewicz.gov.pl\/wp-content\/uploads\/sites\/20\/2024\/07\/logo-poziom-1200x101.png\" class=\"attachment-post-thumbnail size-post-thumbnail wp-post-image\" alt=\"\" srcset=\"https:\/\/impib.lukasiewicz.gov.pl\/wp-content\/uploads\/sites\/20\/2024\/07\/logo-poziom-1200x101.png 1200w, https:\/\/impib.lukasiewicz.gov.pl\/wp-content\/uploads\/sites\/20\/2024\/07\/logo-poziom-300x25.png 300w, https:\/\/impib.lukasiewicz.gov.pl\/wp-content\/uploads\/sites\/20\/2024\/07\/logo-poziom-1024x86.png 1024w, https:\/\/impib.lukasiewicz.gov.pl\/wp-content\/uploads\/sites\/20\/2024\/07\/logo-poziom-768x65.png 768w, https:\/\/impib.lukasiewicz.gov.pl\/wp-content\/uploads\/sites\/20\/2024\/07\/logo-poziom-1536x130.png 1536w, https:\/\/impib.lukasiewicz.gov.pl\/wp-content\/uploads\/sites\/20\/2024\/07\/logo-poziom-2048x173.png 2048w, https:\/\/impib.lukasiewicz.gov.pl\/wp-content\/uploads\/sites\/20\/2024\/07\/logo-poziom-1980x167.png 1980w\" sizes=\"(max-width: 1200px) 100vw, 1200px\" \/><\/figure><\/div><div class=\"nlwfw-posts__item-content\"><div class=\"mb-3 d-flex flex-wrap align-items-center\"><a class=\"nlwfw-posts__item-category me-3\" href=\"https:\/\/impib.lukasiewicz.gov.pl\/en\/what-about-us\/?c=47\"><span>News<\/span><\/a><span class=\"nlwfw-posts__item-date\">10 Mar 2025<\/span><span class=\"nlwfw-posts__item-read-time\">3 min<\/span><\/div><a href=\"https:\/\/impib.lukasiewicz.gov.pl\/en\/start-of-the-project-under-ncn-opus-27\/\"><h3 class=\"nlwfw-posts__item-title\">Start of the project under NCN OPUS-27<\/h3><div class=\"nlwfw-posts__item-description\"><\/div><\/div><\/a><\/li><li class=\"nlwfw-posts__item\"><div class=\"row\"><div><span class=\"nspw-category-name-mobile\">News<\/span><\/div><\/div><div class=\"nlwfw-posts__item-thumbnail\"><figure class=\"ratio ratio-4x3 overflow-hidden\"><img loading=\"lazy\" decoding=\"async\" width=\"1200\" height=\"1010\" src=\"https:\/\/impib.lukasiewicz.gov.pl\/wp-content\/uploads\/sites\/20\/2024\/09\/grupowe-2-1-1200x1010.jpg\" class=\"attachment-post-thumbnail size-post-thumbnail wp-post-image\" alt=\"\" srcset=\"https:\/\/impib.lukasiewicz.gov.pl\/wp-content\/uploads\/sites\/20\/2024\/09\/grupowe-2-1-1200x1010.jpg 1200w, https:\/\/impib.lukasiewicz.gov.pl\/wp-content\/uploads\/sites\/20\/2024\/09\/grupowe-2-1-300x252.jpg 300w, https:\/\/impib.lukasiewicz.gov.pl\/wp-content\/uploads\/sites\/20\/2024\/09\/grupowe-2-1-1024x862.jpg 1024w, https:\/\/impib.lukasiewicz.gov.pl\/wp-content\/uploads\/sites\/20\/2024\/09\/grupowe-2-1-768x646.jpg 768w, https:\/\/impib.lukasiewicz.gov.pl\/wp-content\/uploads\/sites\/20\/2024\/09\/grupowe-2-1-1536x1293.jpg 1536w, https:\/\/impib.lukasiewicz.gov.pl\/wp-content\/uploads\/sites\/20\/2024\/09\/grupowe-2-1-2048x1724.jpg 2048w, https:\/\/impib.lukasiewicz.gov.pl\/wp-content\/uploads\/sites\/20\/2024\/09\/grupowe-2-1-1980x1666.jpg 1980w, https:\/\/impib.lukasiewicz.gov.pl\/wp-content\/uploads\/sites\/20\/2024\/09\/grupowe-2-1-24x20.jpg 24w, https:\/\/impib.lukasiewicz.gov.pl\/wp-content\/uploads\/sites\/20\/2024\/09\/grupowe-2-1-36x30.jpg 36w, https:\/\/impib.lukasiewicz.gov.pl\/wp-content\/uploads\/sites\/20\/2024\/09\/grupowe-2-1-48x40.jpg 48w\" sizes=\"(max-width: 1200px) 100vw, 1200px\" \/><\/figure><\/div><div class=\"nlwfw-posts__item-content\"><div class=\"mb-3 d-flex flex-wrap align-items-center\"><a class=\"nlwfw-posts__item-category me-3\" href=\"https:\/\/impib.lukasiewicz.gov.pl\/en\/what-about-us\/?c=47\"><span>News<\/span><\/a><span class=\"nlwfw-posts__item-date\">30 Sep 2024<\/span><span class=\"nlwfw-posts__item-read-time\">3 min<\/span><\/div><a href=\"https:\/\/impib.lukasiewicz.gov.pl\/en\/umks-h-e-rector-prof-andrzej-tretyn-on-a-visit-to-our-institute\/\"><h3 class=\"nlwfw-posts__item-title\">UMK's H.E. Rector Prof. Andrzej Tretyn on a visit to our Institute<\/h3><div class=\"nlwfw-posts__item-description\"><\/div><\/div><\/a><\/li><li class=\"nlwfw-posts__item\"><div class=\"row\"><div><span class=\"nspw-category-name-mobile\">News<\/span><\/div><\/div><div class=\"nlwfw-posts__item-thumbnail\"><figure class=\"ratio ratio-4x3 overflow-hidden\"><img loading=\"lazy\" decoding=\"async\" width=\"1200\" height=\"1600\" src=\"https:\/\/impib.lukasiewicz.gov.pl\/wp-content\/uploads\/sites\/20\/2024\/09\/20240910_213830-1200x1600.jpg\" class=\"attachment-post-thumbnail size-post-thumbnail wp-post-image\" alt=\"\" srcset=\"https:\/\/impib.lukasiewicz.gov.pl\/wp-content\/uploads\/sites\/20\/2024\/09\/20240910_213830-1200x1600.jpg 1200w, https:\/\/impib.lukasiewicz.gov.pl\/wp-content\/uploads\/sites\/20\/2024\/09\/20240910_213830-225x300.jpg 225w, https:\/\/impib.lukasiewicz.gov.pl\/wp-content\/uploads\/sites\/20\/2024\/09\/20240910_213830-768x1024.jpg 768w, https:\/\/impib.lukasiewicz.gov.pl\/wp-content\/uploads\/sites\/20\/2024\/09\/20240910_213830-1152x1536.jpg 1152w, https:\/\/impib.lukasiewicz.gov.pl\/wp-content\/uploads\/sites\/20\/2024\/09\/20240910_213830-1536x2048.jpg 1536w, https:\/\/impib.lukasiewicz.gov.pl\/wp-content\/uploads\/sites\/20\/2024\/09\/20240910_213830-1980x2640.jpg 1980w, https:\/\/impib.lukasiewicz.gov.pl\/wp-content\/uploads\/sites\/20\/2024\/09\/20240910_213830-18x24.jpg 18w, https:\/\/impib.lukasiewicz.gov.pl\/wp-content\/uploads\/sites\/20\/2024\/09\/20240910_213830-27x36.jpg 27w, https:\/\/impib.lukasiewicz.gov.pl\/wp-content\/uploads\/sites\/20\/2024\/09\/20240910_213830-36x48.jpg 36w, https:\/\/impib.lukasiewicz.gov.pl\/wp-content\/uploads\/sites\/20\/2024\/09\/20240910_213830-scaled.jpg 1920w\" sizes=\"(max-width: 1200px) 100vw, 1200px\" \/><\/figure><\/div><div class=\"nlwfw-posts__item-content\"><div class=\"mb-3 d-flex flex-wrap align-items-center\"><a class=\"nlwfw-posts__item-category me-3\" href=\"https:\/\/impib.lukasiewicz.gov.pl\/en\/what-about-us\/?c=47\"><span>News<\/span><\/a><span class=\"nlwfw-posts__item-date\">18 Sep 2024<\/span><span class=\"nlwfw-posts__item-read-time\">3 min<\/span><\/div><a href=\"https:\/\/impib.lukasiewicz.gov.pl\/en\/2024-ieee-14th-international-conference-nanomaterials-applications-properties-ryga\/\"><h3 class=\"nlwfw-posts__item-title\">2024 IEEE 14th International Conference. Nanomaterials: Applications &amp; Properties, Ryga<\/h3><div class=\"nlwfw-posts__item-description\"><\/div><\/div><\/a><\/li><li class=\"nlwfw-posts__item\"><div class=\"row\"><div><span class=\"nspw-category-name-mobile\">News<\/span><\/div><\/div><div class=\"nlwfw-posts__item-thumbnail\"><figure class=\"ratio ratio-4x3 overflow-hidden\"><img loading=\"lazy\" decoding=\"async\" width=\"1200\" height=\"675\" src=\"https:\/\/impib.lukasiewicz.gov.pl\/wp-content\/uploads\/sites\/20\/2024\/06\/wszyscy-1200x675.jpg\" class=\"attachment-post-thumbnail size-post-thumbnail wp-post-image\" alt=\"\" srcset=\"https:\/\/impib.lukasiewicz.gov.pl\/wp-content\/uploads\/sites\/20\/2024\/06\/wszyscy-1200x675.jpg 1200w, https:\/\/impib.lukasiewicz.gov.pl\/wp-content\/uploads\/sites\/20\/2024\/06\/wszyscy-300x169.jpg 300w, https:\/\/impib.lukasiewicz.gov.pl\/wp-content\/uploads\/sites\/20\/2024\/06\/wszyscy-1024x576.jpg 1024w, https:\/\/impib.lukasiewicz.gov.pl\/wp-content\/uploads\/sites\/20\/2024\/06\/wszyscy-768x432.jpg 768w, https:\/\/impib.lukasiewicz.gov.pl\/wp-content\/uploads\/sites\/20\/2024\/06\/wszyscy-1536x864.jpg 1536w, https:\/\/impib.lukasiewicz.gov.pl\/wp-content\/uploads\/sites\/20\/2024\/06\/wszyscy.jpg 1600w\" sizes=\"(max-width: 1200px) 100vw, 1200px\" \/><\/figure><\/div><div class=\"nlwfw-posts__item-content\"><div class=\"mb-3 d-flex flex-wrap align-items-center\"><a class=\"nlwfw-posts__item-category me-3\" href=\"https:\/\/impib.lukasiewicz.gov.pl\/en\/what-about-us\/?c=47\"><span>News<\/span><\/a><span class=\"nlwfw-posts__item-date\">10 Jun 2024<\/span><span class=\"nlwfw-posts__item-read-time\">3 min<\/span><\/div><a href=\"https:\/\/impib.lukasiewicz.gov.pl\/en\/2nd-congress-science-for-society\/\"><h3 class=\"nlwfw-posts__item-title\">2nd Congress \"Science for society\"<\/h3><div class=\"nlwfw-posts__item-description\"><\/div><\/div><\/a><\/li><\/ul><\/div><div class=\"d-none d-lg-block col-lg-3 offset-lg-1\"><\/div>\t\t\t\t<\/div>\n\t\t\t\t<\/div>\n\t\t\t\t\t<\/div>\n\t\t<\/div>\n\t\t\t\t\t<\/div>\n\t\t<\/section>\n\t\t\t\t<\/div>\n\t\t","protected":false},"excerpt":{"rendered":"<p>what about us? Wydarzenia Sukcesy Technologie Aktualno\u015bci Aktualno\u015bci Aktualno\u015bci08 lis 20243 min Konkurs Liderzy Innowacji Pomorza i Kujaw rozstrzygni\u0119ty Aktualno\u015bci Aktualno\u015bci30 pa\u017a 20243 min Wizyta wiceminister Mr\u00f3wczy\u0144skiej w \u0141ukasiewicz &#8211; IMPIB Aktualno\u015bci Aktualno\u015bci25 pa\u017a 20243 min Wprowadzenie do technologii gumy Aktualno\u015bci Aktualno\u015bci30 wrz 20243 min JM REKTOR UMK prof. dr hab. Andrzej Tretyn z wizyt\u0105 [&hellip;]<\/p>\n","protected":false},"author":21,"featured_media":0,"parent":0,"menu_order":3,"comment_status":"closed","ping_status":"closed","template":"","meta":{"_acf_changed":false,"_seopress_robots_primary_cat":"","_seopress_titles_title":"","_seopress_titles_desc":"","_seopress_robots_index":"","inline_featured_image":false,"footnotes":""},"class_list":["post-14888","page","type-page","status-publish","hentry"],"acf":{"page_icon":null},"publishpress_future_action":{"enabled":false,"date":"2026-02-26 08:16:54","action":"change-status","newStatus":"draft","terms":[],"taxonomy":"translation_priority","extraData":[]},"publishpress_future_workflow_manual_trigger":{"enabledWorkflows":[]},"_links":{"self":[{"href":"https:\/\/impib.lukasiewicz.gov.pl\/en\/wp-json\/wp\/v2\/pages\/14888","targetHints":{"allow":["GET"]}}],"collection":[{"href":"https:\/\/impib.lukasiewicz.gov.pl\/en\/wp-json\/wp\/v2\/pages"}],"about":[{"href":"https:\/\/impib.lukasiewicz.gov.pl\/en\/wp-json\/wp\/v2\/types\/page"}],"author":[{"embeddable":true,"href":"https:\/\/impib.lukasiewicz.gov.pl\/en\/wp-json\/wp\/v2\/users\/21"}],"replies":[{"embeddable":true,"href":"https:\/\/impib.lukasiewicz.gov.pl\/en\/wp-json\/wp\/v2\/comments?post=14888"}],"version-history":[{"count":1,"href":"https:\/\/impib.lukasiewicz.gov.pl\/en\/wp-json\/wp\/v2\/pages\/14888\/revisions"}],"predecessor-version":[{"id":14889,"href":"https:\/\/impib.lukasiewicz.gov.pl\/en\/wp-json\/wp\/v2\/pages\/14888\/revisions\/14889"}],"wp:attachment":[{"href":"https:\/\/impib.lukasiewicz.gov.pl\/en\/wp-json\/wp\/v2\/media?parent=14888"}],"curies":[{"name":"wp","href":"https:\/\/api.w.org\/{rel}","templated":true}]}}