{"id":14989,"date":"2023-05-31T06:22:10","date_gmt":"2023-05-31T04:22:10","guid":{"rendered":"https:\/\/impib.lukasiewicz.gov.pl\/accessibility-declaration\/"},"modified":"2025-03-28T15:53:50","modified_gmt":"2025-03-28T14:53:50","slug":"accessibility-declaration","status":"publish","type":"page","link":"https:\/\/impib.lukasiewicz.gov.pl\/en\/contact\/accessibility-declaration\/","title":{"rendered":"Accessibility declaration"},"content":{"rendered":"\t\t<div data-elementor-type=\"wp-page\" data-elementor-id=\"14989\" class=\"elementor elementor-14989 elementor-607\" data-elementor-post-type=\"page\">\n\t\t\t\t\t\t<section class=\"elementor-section elementor-top-section elementor-element elementor-element-e1d832c elementor-section-boxed elementor-section-height-default elementor-section-height-default\" data-id=\"e1d832c\" data-element_type=\"section\" data-e-type=\"section\">\n\t\t\t\t\t\t<div class=\"elementor-container elementor-column-gap-default\">\n\t\t\t\t\t<div class=\"elementor-column elementor-col-100 elementor-top-column elementor-element elementor-element-27937af\" data-id=\"27937af\" data-element_type=\"column\" data-e-type=\"column\">\n\t\t\t<div class=\"elementor-widget-wrap elementor-element-populated\">\n\t\t\t\t\t\t<div class=\"elementor-element elementor-element-34b930e elementor-widget elementor-widget-text-editor\" data-id=\"34b930e\" data-element_type=\"widget\" data-e-type=\"widget\" data-widget_type=\"text-editor.default\">\n\t\t\t\t<div class=\"elementor-widget-container\">\n\t\t\t\t\t\t\t\t\t<p>ACCESSIBILITY DECLARATION<\/p>\n<p>\u0141ukasiewicz Research Network &#8211; Institute of Engineering of Polymer Materials and Dyes, undertakes to ensure the availability of its website in accordance with the Act<br \/>of April 4, 2019 on the digital accessibility of websites and mobile applications of public entities (consolidated text: Journal of Laws of 2019, item 848). Accessibility Statement<br \/>applies to the website available at:<br \/>https:\/\/impib.lukasiewicz.gov.pl\/<br \/>DIGITAL AVAILABILITY<br \/>Preparing digital accessibility<br \/>Website publication date: April 1, 2019<br \/>Date last updated: July 31, 2024<br \/>The statement was prepared on the basis of a self-assessment conducted by the \u0141ukasiewicz Research Network &#8211; Institute of Engineering of Polymer Materials and Dyes<br \/>made on the basis of a checklist for website accessibility testing (version 2.2.) available on the gov.pl website in the &#8220;Digital Accessibility&#8221; tab.<br \/>The state of digital accessibility<br \/>The website is partially compliant with the Act of April 4, 2019 on the digital accessibility of websites and mobile applications of public entities.    <br \/>The non-conformities are listed below:<br \/>\u2022 some content on the website, including illustrations and multimedia, does not contain digitally available alternative content;<br \/>\u2022 some of the content on the page, when enlarged to 200%, is not fully visible and does not work properly;<br \/>\u2022 elements such as main navigation buttons, checkboxes on forms, buttons in the video player and information carousels are not operable using only the keyboard;<br \/>\u2022 elements such as main navigation buttons, checkboxes on forms, and buttons in the video player do not have focus styles;<br \/>\u2022 elements including main navigation buttons, modal window buttons, and information carousel buttons have available texts<br \/>alternative in a language other than the language of the website;<br \/>\u2022 some user interface elements are graphically arranged differently than keyboard navigation;<br \/>\u2022 not all form fields have the functionality to automatically suggest appropriate values;<br \/>\u2022 the forms on the website do not contain content that helps you fill in the fields correctly or deal with errors.<br \/>Keyboard shortcuts<br \/>You can use standard keyboard shortcuts on the website.<\/p>\n<p>Feedback and contact details<br \/>In case of problems with the accessibility of the website, please contact the Secretariat of the \u0141ukasiewicz Research Network &#8211; Institute of Materials Engineering<br \/>Polymer and Dyes in Toru\u0144, at ul. Marii Sk\u0142odowskiej \u2013 Curie 55, by e-mail: sekretariat@impib.lukasiewicz.gov.pl or telephone number: +48 56 650 00 44.<br \/>The \u0141ukasiewicz Research Network &#8211; Institute of Engineering of Polymer Materials and Dyes does not provide contact persons with the assistance of an interpreter<br \/>sign language or interpreter &#8211; guide.<br \/>Everyone has the right to request digital accessibility of a website, mobile application or any of their elements. You can also request information to be provided in alternative forms, for example reading a digitally inaccessible document, describing the content of a film without audio description, etc.  <br \/>The request should include the identity of the person making the request, an indication of which website or mobile application is being requested and a means of contact. If the requesting person<br \/>reports the need to receive information in an alternative form, it should also specify the form of this information.<br \/>The public entity should fulfill the request immediately and no later than within 7 days. If it is not possible to meet this deadline, the public entity shall immediately inform about when it will be possible to fulfill the request, but this deadline cannot be longer than 2 months. If it is not possible to ensure accessibility, the public entity may propose an alternative way of accessing the information.<br \/>An application for alternative access or an application for access to unavailable information should be sent to the following e-mail address: sekretariat@impib.lukasiewicz.gov.pl<br \/>or telephone number +48 56 650 00 44. Complaints about failure to ensure accessibility can be submitted in the same way if the entity refuses to comply with the request to ensure accessibility<br \/>availability or alternative access to information.After exhausting all possibilities, the complaint can also be sent to the Ombudsman at the following e-mail address: biurorzecznika@brpo.gov.pl<br \/>By March 31, 2025, the website will be adapted to legal requirements.<br \/>ARCHITECTURAL ACCESSIBILITY<br \/>The \u0141ukasiewicz Research Network &#8211; Institute of Engineering of Polymer Materials and Dyes has the following locations:<br \/>1) 87-100 Toru\u0144, ul. Marii Sk\u0142odowskiej-Curie 55 \u2013 headquarters of the Institute<br \/>and the Polymer Plastics Processing Center;<br \/>2) 44-100 Gliwice, ul. Chorzowska 50a &#8211; headquarters of the Paint and Plastics Center;<br \/>3) 05-820 Piast\u00f3w, ul. Harcerska 30 \u2013 headquarters of the Elastomers and Rubber Center;<br \/>4) 87-100 Toru\u0144, Sz. Che\u0142mi\u0144ska 30 \u2013 multi-story building (office building).         <br \/>Apart from the Gatehouse, no other organizational units of the Institute are located in this building. However, there are other separate public entities<br \/>or economic. <\/p>\n<p>The headquarters of the Institute in Toru\u0144<br \/>You can get to the headquarters on your own or by public transport (MZK). The entrance to the main building is from the parking lot located on Marii Street<br \/>Sk\u0142odowska-Curie. There is a designated parking space for disabled people in the parking lot. The parking lot and entrance to the building are wheelchair accessible<br \/>wheelchairs and are marked with pictograms. At the entrance to the building there is a videophone for contact with an employee of the Secretariat.<br \/>You can enter the building and its rooms with an assistance dog and a guide dog, except in the Laboratory rooms, production halls and rooms subject to<br \/>special protection.<br \/>It is not possible for a deaf person to communicate with the Institute&#8217;s employees through a Polish sign language interpreter or guide interpreter.<br \/>People with mobility difficulties are accepted on the ground floor of the building.<br \/>There are no Braille signs in the building, no contrast markings or large print markings for the blind and visually impaired. There is no system<br \/>audio guidance for blind and visually impaired people.<br \/>There are no service stations with a hearing amplification system, i.e. with the so-called induction loop.      <\/p>\n<p>The toilet for disabled people is located on the ground floor in the building marked with the letter &#8220;C&#8221;. From the hall leading from the main entrance, go right through the connector<br \/>between the main building and building C, go straight through the entire hall next to the Laboratory and then turn right to the staircase, then turn left<br \/>in the corridor on the ground floor.<br \/>Headquarters of the Paint and Plastics Center in Gliwice<br \/>You can get to the headquarters on your own or by public transport.<br \/>The main entrance door is located on Gra\u017cyny Street, with stairs leading to the door (6 steps). The entrance is not adapted for wheelchair users<br \/>wheelchair accessible (no ramp or elevator). The door is equipped with an intercom enabling contact with an employee of the Secretariat. People in wheelchairs can reach the headquarters from the internal (company) parking lot, which is entered from ul. Chorzowska, the entrance located between properties no. 50 and 46, i.e. the office building of Przedsi\u0119biorstwo Handlowo-Us\u0142ugowe Jantar, and the Roman Catholic Church. Holy Family, then turn left just behind the Jantar building and enter the company parking lot (internal of the Institute). The entrance door is located at the end of the parking lot, on the ground floor, and is equipped with an intercom enabling contact with an employee of the Secretariat. A person in a wheelchair can enter the building only with the help of an Institute Employee. It is recommended that people with this type of disability announce their arrival before the planned visit by contacting an employee of the Secretariat at (32) 231 21 81 or by e-mail to the following address:<br \/>gliwice@impib.lukasiewicz.gov.pl or sekretariat@impib.lukasiewicz.gov.pl.         <\/p>\n<p>You can enter the building and its rooms with an assistance dog and a guide dog, except for the Laboratory rooms and rooms subject to special<br \/>protection.<br \/>It is not possible for a deaf person to communicate with the Institute&#8217;s employees through a Polish sign language interpreter or guide interpreter.<br \/>People with mobility difficulties are accepted on the ground floor of the building.<br \/>There are no Braille signs in the building, no contrast markings or large print markings for the blind and visually impaired. There is no system<br \/>audio guidance for blind and visually impaired people.<br \/>There are no service stations with a hearing amplification system, i.e. with the so-called induction loop.<br \/>There is no disabled toilet, but it is possible to use another type of toilet.<br \/>The headquarters of the Elastomers and Rubber Center in Piast\u00f3w near Warsaw<br \/>You can get to the headquarters on your own or by public transport. In front of the main entrance from the street. There is a parking lot on Harcerska Street. The main entrance door is located on the parking lot side and is adapted for disabled people in wheelchairs. The main door slides (opens) automatically. After entering the building&#8217;s hall, on the right side there is a concierge service staffed by an employee of the agency for the protection of people and property. This employee serves customers or redirects them to the appropriate employee of the Institute.<br \/>You can enter the building and its rooms with an assistance dog and a guide dog, except for the Laboratory rooms and rooms subject to special<br \/>protection.<br \/>It is not possible for a deaf person to communicate with the Institute&#8217;s employees through a Polish sign language interpreter or guide interpreter.<br \/>People with mobility difficulties are accepted on the ground floor of the building.<br \/>There are no Braille signs in the building, no contrast markings or large print markings for the blind and visually impaired. There is no audio guidance system for blind and visually impaired people.<br \/>There are no service stations with a hearing amplification system, i.e. with the so-called induction loop.<br \/>There is no disabled toilet, but it is possible to use a regular toilet.<br \/>Office building at Sz. Che\u0142mi\u0144ska 30 in Toru\u0144<br \/>You can get to the headquarters on your own or by public transport.<br \/>This building houses the Gatehouse serviced by an Institute Employee and other external business or public entities have their headquarters (premises).           <\/p>\n<p>The main entrance to the office building is located from the Che\u0142mi\u0144ska Road. There is a parking lot next to the building. It is not possible to enter the parking lot from this side of Che\u0142mi\u0144ska Road,<br \/>which is only possible from ul. Bawarczyk\u00f3w (entrance to ul. Bawarczyk\u00f3w from ul. Legion\u00f3w between properties marked no. 17 and 19\/21, at ul. M\u0142odzie\u017cowa, next to the building<br \/>Construction Technical School). The entrance to the parking lot is secured by a barrier opened for visitors by the Gatekeeper&#8217;s Employee (when called by phone &#8211; information<br \/>the telephone number is posted at the barrier). The parking lot has marked parking spaces for disabled people.         <br \/>The parking lot and entrance to the building are wheelchair accessible (there is a ramp) and a vertical elevator is operated by the studio.<br \/>The porter&#8217;s office, which helps such people move via such an elevator to the ground floor of the office building.<br \/>The entrance to the building has an anti-slip surface, and on the approach and stairs there are point protrusions (so-called Braille plates\/strips), and the handrails at the stairs have<br \/>Braille markings. <br \/>On the ground floor of the building there is a reception desk and information signs (boards and information signs) indicating convenient ways of moving around the area<br \/>building and the use of facilities, elevators and toilets.<br \/>The receptionist employee provides information and, in justified cases, can provide assistance in moving around inside the building.<br \/>From the ground floor, a person in a wheelchair can move independently to any floor using a public inter-floor elevator.<br \/>This elevator is equipped with elevator control buttons enabling reading in Braille, wheelchair access and communication between floors is possible,<br \/>and the buttons are placed at a height that allows them to be easily used by people in wheelchairs. The elevator is equipped with devices<br \/>informing about the position of the elevator, sound signaling or a speech synthesizer.<br \/>There are other public entities operating on individual floors of the Office Building, which publish information on their websites regarding architectural accessibility in their area (occupied premises).<br \/>You can enter public areas in the building (halls, staircases, elevator) with an assistance dog and a guide dog.<br \/>It is not possible for a receptionist to serve a deaf person through a Polish sign language interpreter or a guide interpreter, or by means of<br \/>hearing amplification system, i.e. the so-called induction loop.   <br \/>There is a toilet adapted for wheelchair users on the first floor below the ground floor. You need to take an elevator to get to this toilet<br \/>between floors &#8211; the button in the elevator marked &#8220;-1&#8221;. <\/p>\n\t\t\t\t\t\t\t\t<\/div>\n\t\t\t\t<\/div>\n\t\t\t\t\t<\/div>\n\t\t<\/div>\n\t\t\t\t\t<\/div>\n\t\t<\/section>\n\t\t\t\t<\/div>\n\t\t","protected":false},"excerpt":{"rendered":"<p>ACCESSIBILITY DECLARATION \u0141ukasiewicz Research Network &#8211; Institute of Engineering of Polymer Materials and Dyes, undertakes to ensure the availability of its website in accordance with the Actof April 4, 2019 on the digital accessibility of websites and mobile applications of public entities (consolidated text: Journal of Laws of 2019, item 848). Accessibility Statementapplies to the [&hellip;]<\/p>\n","protected":false},"author":21,"featured_media":0,"parent":14821,"menu_order":2,"comment_status":"closed","ping_status":"closed","template":"","meta":{"_acf_changed":false,"_seopress_robots_primary_cat":"","_seopress_titles_title":"","_seopress_titles_desc":"","_seopress_robots_index":"","inline_featured_image":false,"footnotes":""},"class_list":["post-14989","page","type-page","status-publish","hentry"],"acf":{"page_icon":null},"publishpress_future_action":{"enabled":false,"date":"2026-02-17 09:20:00","action":"change-status","newStatus":"draft","terms":[],"taxonomy":"translation_priority","extraData":[]},"publishpress_future_workflow_manual_trigger":{"enabledWorkflows":[]},"_links":{"self":[{"href":"https:\/\/impib.lukasiewicz.gov.pl\/en\/wp-json\/wp\/v2\/pages\/14989","targetHints":{"allow":["GET"]}}],"collection":[{"href":"https:\/\/impib.lukasiewicz.gov.pl\/en\/wp-json\/wp\/v2\/pages"}],"about":[{"href":"https:\/\/impib.lukasiewicz.gov.pl\/en\/wp-json\/wp\/v2\/types\/page"}],"author":[{"embeddable":true,"href":"https:\/\/impib.lukasiewicz.gov.pl\/en\/wp-json\/wp\/v2\/users\/21"}],"replies":[{"embeddable":true,"href":"https:\/\/impib.lukasiewicz.gov.pl\/en\/wp-json\/wp\/v2\/comments?post=14989"}],"version-history":[{"count":1,"href":"https:\/\/impib.lukasiewicz.gov.pl\/en\/wp-json\/wp\/v2\/pages\/14989\/revisions"}],"predecessor-version":[{"id":14990,"href":"https:\/\/impib.lukasiewicz.gov.pl\/en\/wp-json\/wp\/v2\/pages\/14989\/revisions\/14990"}],"up":[{"embeddable":true,"href":"https:\/\/impib.lukasiewicz.gov.pl\/en\/wp-json\/wp\/v2\/pages\/14821"}],"wp:attachment":[{"href":"https:\/\/impib.lukasiewicz.gov.pl\/en\/wp-json\/wp\/v2\/media?parent=14989"}],"curies":[{"name":"wp","href":"https:\/\/api.w.org\/{rel}","templated":true}]}}